{"id":264,"date":"2025-04-22T11:17:24","date_gmt":"2025-04-22T11:17:24","guid":{"rendered":"https:\/\/bremont-peinture.fr\/?page_id=264"},"modified":"2025-04-22T11:24:34","modified_gmt":"2025-04-22T11:24:34","slug":"mentions-legales","status":"publish","type":"page","link":"https:\/\/bremont-peinture.fr\/?page_id=264","title":{"rendered":"Mentions l\u00e9gales"},"content":{"rendered":"\t\t<div data-elementor-type=\"wp-page\" data-elementor-id=\"264\" class=\"elementor elementor-264\" data-elementor-post-type=\"page\">\n\t\t\t\t\t\t<section class=\"elementor-section elementor-top-section elementor-element elementor-element-0ee1f56 elementor-section-boxed elementor-section-height-default elementor-section-height-default\" data-id=\"0ee1f56\" data-element_type=\"section\" data-e-type=\"section\">\n\t\t\t\t\t\t<div class=\"elementor-container elementor-column-gap-default\">\n\t\t\t\t\t<div class=\"elementor-column elementor-col-100 elementor-top-column elementor-element elementor-element-f92d2f9\" data-id=\"f92d2f9\" data-element_type=\"column\" data-e-type=\"column\">\n\t\t\t<div class=\"elementor-widget-wrap elementor-element-populated\">\n\t\t\t\t\t\t<div class=\"elementor-element elementor-element-62ab5d0 elementor-widget elementor-widget-text-editor\" data-id=\"62ab5d0\" data-element_type=\"widget\" data-e-type=\"widget\" data-widget_type=\"text-editor.default\">\n\t\t\t\t<div class=\"elementor-widget-container\">\n\t\t\t\t\t\t\t\t\t<p><span style=\"font-size: large;\"><b>Mentions l\u00e9gales<\/b><\/span><\/p><ol><li><p><b>Pr\u00e9sentation du site.<\/b><\/p><\/li><\/ol><p>En vertu de l\u2019article 6 de la loi n\u00b0 2004-575 du 21 juin 2004 pour la confiance dans l\u2019\u00e9conomie num\u00e9rique, il est pr\u00e9cis\u00e9 aux utilisateurs du site bremont-peinture.fr l\u2019identit\u00e9 des diff\u00e9rents intervenants dans le cadre de sa r\u00e9alisation et de son suivi :<\/p><p>Propri\u00e9taire\u00a0:<\/p><p>SARL BREMONT \u2013 1 route du bois &#8211; 63440 SAINT GAL SUR SIOULE &#8211; T\u00e9l 06 12 67 98 16 &#8211; Pour nous contacter par mail, merci d&rsquo;utiliser le formulaire de contact pr\u00e9sent sur le site.<\/p><p>Responsable publication\u00a0: Mrr Emmanuel BREMONT<\/p><p>Cr\u00e9ateur\u00a0:\u00a0 Publipost \u2013 40 boulevard Desaix \u2013 63200 Riom \u2013 04 83 43 30 60 https:\/\/www.publipost.fr\/\u2028<\/p><p>Webmaster\u00a0: VERCHERE ERIC \u2028<\/p><p>H\u00e9bergeur\u00a0: OVH \u2013 2 rue Kellermann \u2013 59100 Roubaix \u2013 France\u2028<\/p><ol start=\"2\"><li><p><b>Conditions g\u00e9n\u00e9rales d\u2019utilisation du site et des services propos\u00e9s.<\/b><\/p><\/li><\/ol><p>L\u2019utilisation du site bremont-peinture.fr implique l\u2019acceptation pleine et enti\u00e8re des conditions g\u00e9n\u00e9rales d\u2019utilisation ci-apr\u00e8s d\u00e9crites. Ces conditions d\u2019utilisation sont susceptibles d\u2019\u00eatre modifi\u00e9es ou compl\u00e9t\u00e9es \u00e0 tout moment, les utilisateurs du site bremont-peinture.fr consulter de mani\u00e8re r\u00e9guli\u00e8re.<\/p><p>Ce site est normalement accessible \u00e0 tout moment aux utilisateurs. Une interruption pour raison de maintenance technique peut \u00eatre toutefois d\u00e9cid\u00e9e par SARL BREMONT , qui s\u2019efforcera alors de communiquer pr\u00e9alablement aux utilisateurs les dates et heures de l\u2019intervention.<\/p><p>Le site bremont-peinture.fr est mis \u00e0 jour r\u00e9guli\u00e8rement par SARL BREMONT . De la m\u00eame fa\u00e7on, les mentions l\u00e9gales peuvent \u00eatre modifi\u00e9es \u00e0 tout moment : elles s\u2019imposent n\u00e9anmoins \u00e0 l\u2019utilisateur qui est invit\u00e9 \u00e0 s\u2019y r\u00e9f\u00e9rer le plus souvent possible afin d\u2019en prendre connaissance.<\/p><ol start=\"3\"><li><p><b>Description des services fournis.<\/b><\/p><\/li><\/ol><p>Le site bremont-peinture.fr a pour objet de fournir une information concernant l\u2019ensemble des activit\u00e9s de la soci\u00e9t\u00e9.<\/p><p>SARL BREMONT s\u2019efforce de fournir sur le site bremont-peinture.fr des informations aussi pr\u00e9cises que possible. Toutefois, il ne pourra \u00eatre tenue responsable des omissions, des inexactitudes et des carences dans la mise \u00e0 jour, qu\u2019elles soient de son fait ou du fait des tiers partenaires qui lui fournissent ces informations.<\/p><p>Tous les informations indiqu\u00e9es sur le site bremont-peinture.fr sont donn\u00e9es \u00e0 titre indicatif, et sont susceptibles d\u2019\u00e9voluer. Par ailleurs, les renseignements figurant sur le site bremont-peinture.fr ne sont pas exhaustifs. Ils sont donn\u00e9s sous r\u00e9serve de modifications ayant \u00e9t\u00e9 apport\u00e9es depuis leur mise en ligne.<\/p><ol start=\"4\"><li><p><b>Limitations contractuelles sur les donn\u00e9es techniques.<\/b><\/p><\/li><\/ol><p>Le site utilise la technologie JavaScript.<\/p><p>Le site Internet ne pourra \u00eatre tenu responsable de dommages mat\u00e9riels li\u00e9s \u00e0 l\u2019utilisation du site. De plus, l\u2019utilisateur du site s\u2019engage \u00e0 acc\u00e9der au site en utilisant un mat\u00e9riel r\u00e9cent, ne contenant pas de virus et avec un navigateur de derni\u00e8re g\u00e9n\u00e9ration mis-\u00e0-jour<\/p><ol start=\"5\"><li><p><b>Propri\u00e9t\u00e9 intellectuelle et contrefa\u00e7ons.<\/b><\/p><\/li><\/ol><p>SARL BREMONT est propri\u00e9taire des droits de propri\u00e9t\u00e9 intellectuelle ou d\u00e9tient les droits d\u2019usage sur tous les \u00e9l\u00e9ments accessibles sur le site, notamment les textes, images, graphismes, logo, ic\u00f4nes, sons, logiciels.<\/p><p>Toute reproduction, repr\u00e9sentation, modification, publication, adaptation de tout ou partie des \u00e9l\u00e9ments du site, quel que soit le moyen ou le proc\u00e9d\u00e9 utilis\u00e9, est interdite, sauf autorisation \u00e9crite pr\u00e9alable de : SARL BREMONT<\/p><p>Toute exploitation non autoris\u00e9e du site ou de l\u2019un quelconque des \u00e9l\u00e9ments qu\u2019il contient sera consid\u00e9r\u00e9e comme constitutive d\u2019une contrefa\u00e7on et poursuivie conform\u00e9ment aux dispositions des articles L.335-2 et suivants du Code de Propri\u00e9t\u00e9 Intellectuelle.<\/p><ol start=\"6\"><li><p><b>Limitations de responsabilit\u00e9.<\/b><\/p><\/li><\/ol><p>SARL BREMONT ne pourra \u00eatre tenue responsable des dommages directs et indirects caus\u00e9s au mat\u00e9riel de l\u2019utilisateur, lors de l\u2019acc\u00e8s au site bremont-peinture.fr et r\u00e9sultant soit de l\u2019utilisation d\u2019un mat\u00e9riel ne r\u00e9pondant pas aux sp\u00e9cifications indiqu\u00e9es au point 4, soit de l\u2019apparition d\u2019un bug ou d\u2019une incompatibilit\u00e9.<\/p><p>SARL BREMONT ne pourra \u00e9galement \u00eatre tenue responsable des dommages indirects (tels par exemple qu\u2019une perte de march\u00e9 ou perte d\u2019une chance) cons\u00e9cutifs \u00e0 l\u2019utilisation du site<\/p><p>Des espaces interactifs (possibilit\u00e9 de poser des questions dans l\u2019espace contact) sont \u00e0 la disposition des utilisateurs. SARL BREMONT se r\u00e9serve le droit de supprimer, sans mise en demeure pr\u00e9alable, tout contenu d\u00e9pos\u00e9 dans cet espace qui contreviendrait \u00e0 la l\u00e9gislation applicable en France, en particulier aux dispositions relatives \u00e0 la protection des donn\u00e9es. Le cas \u00e9ch\u00e9ant, SARL BREMONT se r\u00e9serve \u00e9galement la possibilit\u00e9 de mettre en cause la responsabilit\u00e9 civile et\/ou p\u00e9nale de l\u2019utilisateur, notamment en cas de message \u00e0 caract\u00e8re raciste, injurieux, diffamant, ou pornographique, quel que soit le support utilis\u00e9 (texte, photographie\u2026).<\/p><ol start=\"7\"><li><p><b>Gestion des donn\u00e9es personnelles.<\/b><\/p><\/li><\/ol><p>Seules les informations recueillies dans le formulaire de contact sont enregistr\u00e9es dans un\u00a0fichier\u00a0informatis\u00e9 par\u00a0 SARL BREMONT .<\/p><p>Les donn\u00e9es marqu\u00e9es par un ast\u00e9risque dans le questionnaire doivent obligatoirement \u00eatre fournies. Dans le cas contraire,\u00a0votre demande ne pourra \u00eatre trait\u00e9e<\/p><p>Les donn\u00e9es collect\u00e9es seront communiqu\u00e9es aux seuls destinataires suivants :\u00a0 SARL BREMONT<\/p><p>Elles sont conserv\u00e9es pendant 10 ans<\/p><p>Vous pouvez acc\u00e9der aux donn\u00e9es vous concernant, les rectifier, demander leur effacement ou exercer votre droit \u00e0 la limitation du traitement de vos donn\u00e9es.\u00a0<\/p><p>Consultez le site cnil.fr pour plus d\u2019informations sur vos droits.<\/p><p>Pour exercer ces droits ou pour toute question sur le traitement de vos donn\u00e9es dans ce dispositif, vous pouvez contacter\u00a0 SARL BREMONT<\/p><p>Si vous estimez, apr\u00e8s nous avoir contact\u00e9s, que vos droits \u00ab\u00a0Informatique et Libert\u00e9s\u00a0\u00bb ne sont pas respect\u00e9s, vous pouvez adresser une r\u00e9clamation \u00e0 la CNIL.<\/p><ol start=\"8\"><li><p><b>Liens hypertextes et cookies.<\/b><\/p><\/li><\/ol><p>Le site bremont-peinture.fr peut contenir un certain nombre de liens hypertextes vers d\u2019autres sites, mis en place avec l\u2019autorisation de SARL BREMONT . Cependant, SARL BREMONT n\u2019a pas la possibilit\u00e9 de v\u00e9rifier le contenu des sites ainsi visit\u00e9s, et n\u2019assumera en cons\u00e9quence aucune responsabilit\u00e9 de ce fait.<\/p><p>Voir notre politique de cookies<\/p><ol start=\"9\"><li><p><b>Droit applicable et attribution de juridiction.<\/b><\/p><\/li><\/ol><p>Tout litige en relation avec l\u2019utilisation du site bremont-peinture.fr est soumis au droit fran\u00e7ais. Il est fait attribution exclusive de juridiction aux tribunaux comp\u00e9tents.<\/p><ol start=\"10\"><li><p><b>Les principales lois concern\u00e9es.<\/b><\/p><\/li><\/ol><p>Loi n\u00b0 78-17 du 6 janvier 1978, notamment modifi\u00e9e par la loi n\u00b0 2004-801 du 6 ao\u00fbt 2004 relative \u00e0 l\u2019informatique, aux fichiers et aux libert\u00e9s.<\/p><p>Loi n\u00b0 2004-575 du 21 juin 2004 pour la confiance dans l\u2019\u00e9conomie num\u00e9rique.<\/p><ol start=\"11\"><li><p><b>Lexique<\/b><\/p><\/li><\/ol><p>Utilisateur : Internaute se connectant, utilisant le site susnomm\u00e9.<\/p><p>Informations personnelles : \u00ab les informations qui permettent, sous quelque forme que ce soit, directement ou non, l\u2019identification des personnes physiques auxquelles elles s\u2019appliquent \u00bb (article 4 de la loi n\u00b0 78-17 du 6 janvier 1978).<\/p>\t\t\t\t\t\t\t\t<\/div>\n\t\t\t\t<\/div>\n\t\t\t\t\t<\/div>\n\t\t<\/div>\n\t\t\t\t\t<\/div>\n\t\t<\/section>\n\t\t\t\t<\/div>\n\t\t","protected":false},"excerpt":{"rendered":"<p>Mentions l\u00e9gales Pr\u00e9sentation du site. En vertu de l\u2019article 6 de la loi n\u00b0 2004-575 du 21 juin 2004 pour la confiance dans l\u2019\u00e9conomie num\u00e9rique, il est pr\u00e9cis\u00e9 aux utilisateurs du site bremont-peinture.fr l\u2019identit\u00e9 des diff\u00e9rents intervenants dans le cadre de sa r\u00e9alisation et de son suivi : Propri\u00e9taire\u00a0: SARL BREMONT \u2013 1 route du [&hellip;]<\/p>\n","protected":false},"author":1,"featured_media":0,"parent":0,"menu_order":0,"comment_status":"closed","ping_status":"closed","template":"elementor_canvas","meta":{"footnotes":""},"class_list":["post-264","page","type-page","status-publish","hentry"],"yoast_head":"<!-- This site is optimized with the Yoast SEO plugin v25.9 - https:\/\/yoast.com\/wordpress\/plugins\/seo\/ -->\n<title>Mentions l\u00e9gales - Bremont peinture<\/title>\n<meta name=\"robots\" content=\"index, follow, max-snippet:-1, max-image-preview:large, max-video-preview:-1\" \/>\n<link rel=\"canonical\" href=\"https:\/\/bremont-peinture.fr\/?page_id=264\" \/>\n<meta property=\"og:locale\" content=\"fr_FR\" \/>\n<meta property=\"og:type\" content=\"article\" \/>\n<meta property=\"og:title\" content=\"Mentions l\u00e9gales - Bremont peinture\" \/>\n<meta property=\"og:description\" content=\"Mentions l\u00e9gales Pr\u00e9sentation du site. En vertu de l\u2019article 6 de la loi n\u00b0 2004-575 du 21 juin 2004 pour la confiance dans l\u2019\u00e9conomie num\u00e9rique, il est pr\u00e9cis\u00e9 aux utilisateurs du site bremont-peinture.fr l\u2019identit\u00e9 des diff\u00e9rents intervenants dans le cadre de sa r\u00e9alisation et de son suivi : Propri\u00e9taire\u00a0: SARL BREMONT \u2013 1 route du [&hellip;]\" \/>\n<meta property=\"og:url\" content=\"https:\/\/bremont-peinture.fr\/?page_id=264\" \/>\n<meta property=\"og:site_name\" content=\"Bremont peinture\" \/>\n<meta property=\"article:modified_time\" content=\"2025-04-22T11:24:34+00:00\" \/>\n<meta name=\"twitter:card\" content=\"summary_large_image\" \/>\n<meta name=\"twitter:label1\" content=\"Dur\u00e9e de lecture estim\u00e9e\" \/>\n\t<meta name=\"twitter:data1\" content=\"6 minutes\" \/>\n<script type=\"application\/ld+json\" class=\"yoast-schema-graph\">{\"@context\":\"https:\/\/schema.org\",\"@graph\":[{\"@type\":\"WebPage\",\"@id\":\"https:\/\/bremont-peinture.fr\/?page_id=264\",\"url\":\"https:\/\/bremont-peinture.fr\/?page_id=264\",\"name\":\"Mentions l\u00e9gales - Bremont peinture\",\"isPartOf\":{\"@id\":\"https:\/\/bremont-peinture.fr\/#website\"},\"datePublished\":\"2025-04-22T11:17:24+00:00\",\"dateModified\":\"2025-04-22T11:24:34+00:00\",\"breadcrumb\":{\"@id\":\"https:\/\/bremont-peinture.fr\/?page_id=264#breadcrumb\"},\"inLanguage\":\"fr-FR\",\"potentialAction\":[{\"@type\":\"ReadAction\",\"target\":[\"https:\/\/bremont-peinture.fr\/?page_id=264\"]}]},{\"@type\":\"BreadcrumbList\",\"@id\":\"https:\/\/bremont-peinture.fr\/?page_id=264#breadcrumb\",\"itemListElement\":[{\"@type\":\"ListItem\",\"position\":1,\"name\":\"Accueil\",\"item\":\"https:\/\/bremont-peinture.fr\/\"},{\"@type\":\"ListItem\",\"position\":2,\"name\":\"Mentions l\u00e9gales\"}]},{\"@type\":\"WebSite\",\"@id\":\"https:\/\/bremont-peinture.fr\/#website\",\"url\":\"https:\/\/bremont-peinture.fr\/\",\"name\":\"Artisan peintre \u00e0 Gannat\",\"description\":\"\",\"publisher\":{\"@id\":\"https:\/\/bremont-peinture.fr\/#organization\"},\"potentialAction\":[{\"@type\":\"SearchAction\",\"target\":{\"@type\":\"EntryPoint\",\"urlTemplate\":\"https:\/\/bremont-peinture.fr\/?s={search_term_string}\"},\"query-input\":{\"@type\":\"PropertyValueSpecification\",\"valueRequired\":true,\"valueName\":\"search_term_string\"}}],\"inLanguage\":\"fr-FR\"},{\"@type\":\"Organization\",\"@id\":\"https:\/\/bremont-peinture.fr\/#organization\",\"name\":\"Bremont peinture\",\"url\":\"https:\/\/bremont-peinture.fr\/\",\"logo\":{\"@type\":\"ImageObject\",\"inLanguage\":\"fr-FR\",\"@id\":\"https:\/\/bremont-peinture.fr\/#\/schema\/logo\/image\/\",\"url\":\"https:\/\/bremont-peinture.fr\/wp-content\/uploads\/2025\/02\/logo-BREMONT.jpg\",\"contentUrl\":\"https:\/\/bremont-peinture.fr\/wp-content\/uploads\/2025\/02\/logo-BREMONT.jpg\",\"width\":320,\"height\":102,\"caption\":\"Bremont peinture\"},\"image\":{\"@id\":\"https:\/\/bremont-peinture.fr\/#\/schema\/logo\/image\/\"}}]}<\/script>\n<!-- \/ Yoast SEO plugin. -->","yoast_head_json":{"title":"Mentions l\u00e9gales - Bremont peinture","robots":{"index":"index","follow":"follow","max-snippet":"max-snippet:-1","max-image-preview":"max-image-preview:large","max-video-preview":"max-video-preview:-1"},"canonical":"https:\/\/bremont-peinture.fr\/?page_id=264","og_locale":"fr_FR","og_type":"article","og_title":"Mentions l\u00e9gales - Bremont peinture","og_description":"Mentions l\u00e9gales Pr\u00e9sentation du site. En vertu de l\u2019article 6 de la loi n\u00b0 2004-575 du 21 juin 2004 pour la confiance dans l\u2019\u00e9conomie num\u00e9rique, il est pr\u00e9cis\u00e9 aux utilisateurs du site bremont-peinture.fr l\u2019identit\u00e9 des diff\u00e9rents intervenants dans le cadre de sa r\u00e9alisation et de son suivi : Propri\u00e9taire\u00a0: SARL BREMONT \u2013 1 route du [&hellip;]","og_url":"https:\/\/bremont-peinture.fr\/?page_id=264","og_site_name":"Bremont peinture","article_modified_time":"2025-04-22T11:24:34+00:00","twitter_card":"summary_large_image","twitter_misc":{"Dur\u00e9e de lecture estim\u00e9e":"6 minutes"},"schema":{"@context":"https:\/\/schema.org","@graph":[{"@type":"WebPage","@id":"https:\/\/bremont-peinture.fr\/?page_id=264","url":"https:\/\/bremont-peinture.fr\/?page_id=264","name":"Mentions l\u00e9gales - Bremont peinture","isPartOf":{"@id":"https:\/\/bremont-peinture.fr\/#website"},"datePublished":"2025-04-22T11:17:24+00:00","dateModified":"2025-04-22T11:24:34+00:00","breadcrumb":{"@id":"https:\/\/bremont-peinture.fr\/?page_id=264#breadcrumb"},"inLanguage":"fr-FR","potentialAction":[{"@type":"ReadAction","target":["https:\/\/bremont-peinture.fr\/?page_id=264"]}]},{"@type":"BreadcrumbList","@id":"https:\/\/bremont-peinture.fr\/?page_id=264#breadcrumb","itemListElement":[{"@type":"ListItem","position":1,"name":"Accueil","item":"https:\/\/bremont-peinture.fr\/"},{"@type":"ListItem","position":2,"name":"Mentions l\u00e9gales"}]},{"@type":"WebSite","@id":"https:\/\/bremont-peinture.fr\/#website","url":"https:\/\/bremont-peinture.fr\/","name":"Artisan peintre \u00e0 Gannat","description":"","publisher":{"@id":"https:\/\/bremont-peinture.fr\/#organization"},"potentialAction":[{"@type":"SearchAction","target":{"@type":"EntryPoint","urlTemplate":"https:\/\/bremont-peinture.fr\/?s={search_term_string}"},"query-input":{"@type":"PropertyValueSpecification","valueRequired":true,"valueName":"search_term_string"}}],"inLanguage":"fr-FR"},{"@type":"Organization","@id":"https:\/\/bremont-peinture.fr\/#organization","name":"Bremont peinture","url":"https:\/\/bremont-peinture.fr\/","logo":{"@type":"ImageObject","inLanguage":"fr-FR","@id":"https:\/\/bremont-peinture.fr\/#\/schema\/logo\/image\/","url":"https:\/\/bremont-peinture.fr\/wp-content\/uploads\/2025\/02\/logo-BREMONT.jpg","contentUrl":"https:\/\/bremont-peinture.fr\/wp-content\/uploads\/2025\/02\/logo-BREMONT.jpg","width":320,"height":102,"caption":"Bremont peinture"},"image":{"@id":"https:\/\/bremont-peinture.fr\/#\/schema\/logo\/image\/"}}]}},"_links":{"self":[{"href":"https:\/\/bremont-peinture.fr\/index.php?rest_route=\/wp\/v2\/pages\/264","targetHints":{"allow":["GET"]}}],"collection":[{"href":"https:\/\/bremont-peinture.fr\/index.php?rest_route=\/wp\/v2\/pages"}],"about":[{"href":"https:\/\/bremont-peinture.fr\/index.php?rest_route=\/wp\/v2\/types\/page"}],"author":[{"embeddable":true,"href":"https:\/\/bremont-peinture.fr\/index.php?rest_route=\/wp\/v2\/users\/1"}],"replies":[{"embeddable":true,"href":"https:\/\/bremont-peinture.fr\/index.php?rest_route=%2Fwp%2Fv2%2Fcomments&post=264"}],"version-history":[{"count":7,"href":"https:\/\/bremont-peinture.fr\/index.php?rest_route=\/wp\/v2\/pages\/264\/revisions"}],"predecessor-version":[{"id":272,"href":"https:\/\/bremont-peinture.fr\/index.php?rest_route=\/wp\/v2\/pages\/264\/revisions\/272"}],"wp:attachment":[{"href":"https:\/\/bremont-peinture.fr\/index.php?rest_route=%2Fwp%2Fv2%2Fmedia&parent=264"}],"curies":[{"name":"wp","href":"https:\/\/api.w.org\/{rel}","templated":true}]}}